{"id":25217,"date":"2020-11-09T19:39:21","date_gmt":"2020-11-09T19:39:21","guid":{"rendered":"https:\/\/malagon-bisanz.at\/?page_id=25217"},"modified":"2026-01-08T10:25:54","modified_gmt":"2026-01-08T10:25:54","slug":"my-services","status":"publish","type":"page","link":"https:\/\/malagon-bisanz.at\/de\/my-services\/","title":{"rendered":"My services"},"content":{"rendered":"\n\n\t<strong>Der erste Schritt:<\/strong><br \/>\nSprechen wir \u00fcber Ihre Ziele, Ihre Interessen, Ihr Deutschlevel und Ihre bisherigen Lernerfahrungen &#8211; in einer Videokonferenz oder pers\u00f6nlich*.\n<p><a href=\"https:\/\/malagon-bisanz.at\/de\/kontakt\/\">Kontaktieren Sie mich<\/a> und buchen Sie eine kostenlose, unverbindliche Erstberatung mit mir.<\/p>\n<h2>\n\t\t\tPreise\t<\/h2>\n\t\t\t\t<img decoding=\"async\" src=\"https:\/\/malagon-bisanz.at\/wp-content\/uploads\/2021\/01\/conversation-2.png\" alt=\"conversation\" itemprop=\"image\" height=\"79\" width=\"113\" title=\"conversation\" onerror=\"this.style.display='none'\" loading=\"lazy\" \/>\n\t\t\t\t\t\t\t\t\t\tKonversationsunterricht\t\t\t\t\t\t\t\t\t\n\t\t\t\t\t\t\t\t\t<p>Sprechen, sprechen, sprechen &#8211; trainieren Sie Ihre m\u00fcndlichen Sprachkenntnisse und stellen Sie mir Fragen zu Wortschatz und Grammatik<strong>im Unterricht inkludiert:<\/strong><br \/>\u2022 <strong>Konversation<\/strong> \u00fcber ein Thema Ihrer Wahl (Ich biete auch gerne Themenvorschl\u00e4ge.)<br \/>\u2022 Erkl\u00e4rungen zu <strong>Wortschatz und Grammatik<\/strong> (falls Sie Fragen haben)<br \/>\u2022 Vorbereitung auf <strong>m\u00fcndliche Pr\u00fcfungen<\/strong> m\u00f6glich<br \/>\u2022 alle <strong>Notizen<\/strong> in einem geteilten Ordner oder per E-Mail<br \/>\u2022 online oder pers\u00f6nlich* in Wien, 108050 Minuten: 47\u20ac<\/p>\t\t\t\t\t\t\t\t\n\t\t\t\t\t\t\t\t\t\t50 Minuten\t\t\t\t\t\t\t\t\t\n\t\t\t43\u20ac\n\t\t\t\t\t\t\t\t\t<p>Rabatt: 5 Mal Unterricht (oder mehr)<\/p>\t\t\t\t\t\t\t\t\n\t\t\t43\u20ac\n\t\t\t\t<img decoding=\"async\" src=\"https:\/\/malagon-bisanz.at\/wp-content\/uploads\/2020\/11\/tailored-3.png\" alt=\"tailored\" itemprop=\"image\" height=\"79\" width=\"113\" title=\"tailored\" onerror=\"this.style.display='none'\" loading=\"lazy\" \/>\n\t\t\t\t\t\t\t\t\t\tma\u00dfgeschneiderter Unterricht\t\t\t\t\t\t\t\t\t\n\t\t\t\t\t\t\t\t\t<p>Verbessern Sie Ihr Deutschniveau! Wir w\u00e4hlen Themen nach Ihren Bed\u00fcrfnissen und \u00fcben mit ansprechenden Unterrichtsmaterialien.<strong>im Unterricht inkludiert:<\/strong><br \/>\u2022 Vorbereitung und <strong>Unterrichtsmaterialien<\/strong><br \/>\u2022 <strong>neuer Wortschatz<\/strong> mit Wiederholung<br \/>\u2022 <strong>Grammatik: <\/strong>Materialien und \u00dcbungen<br \/>\u2022 viel <strong>Sprechen<\/strong><br \/>\u2022 alle <strong>Materialien<\/strong> in einem geteilten Ordner oder per E-Mail<br \/>\u2022 <strong>Haus\u00fcbungen<\/strong>\u00a0(Vorbereitung auf <strong>schriftliche Pr\u00fcfungen<\/strong> m\u00f6glich)<br \/>\u2022 online oder pers\u00f6nlich* in Wien, 108060\/90 Minuten: 68\u20ac\/102\u20ac<\/p>\t\t\t\t\t\t\t\t\n\t\t\t\t\t\t\t\t\t\t60\/90 Minuten\t\t\t\t\t\t\t\t\t\n\t\t\t63\u20ac\/94\u20ac\n\t\t\t\t\t\t\t\t\t<p>Rabatt: 5 Mal Unterricht (oder mehr)<\/p>\t\t\t\t\t\t\t\t\n\t\t\t63\u20ac\/94\u20ac\n\t\t\t\t<img decoding=\"async\" src=\"https:\/\/malagon-bisanz.at\/wp-content\/uploads\/2021\/01\/custommadeplus-4.png\" alt=\"custommadeplus\" itemprop=\"image\" height=\"79\" width=\"113\" title=\"custommadeplus\" onerror=\"this.style.display='none'\" loading=\"lazy\" \/>\n\t\t\t\t\t\t\t\t\t\tma\u00dfgeschneiderter Unterricht +\t\t\t\t\t\t\t\t\t\n\t\t\t\t\t\t\t\t\t<p><strong>Haben Sie &#8230;<\/strong><br \/>&#8230; Interesse an einem <strong>Firmenkurs?<\/strong> (Gruppenkurs oder Einzelunterricht) Gerne stelle ich ein <strong>ma\u00dfgeschneidertes Angebot f\u00fcr Ihre Mitarbeiter*innen <\/strong>zusammen<strong>.<\/strong>&#8230;\u00a0<b>Freund*innen oder Kolleg*innen\u00a0<\/b>mit gleichem Deutschniveau? Unterricht in Kleingruppen ist ebenfalls m\u00f6glich&#8230;. eine <strong>andere Anfrage<\/strong>? (z.B. k\u00fcrzere oder l\u00e4ngere Unterrichtseinheiten, reine Pr\u00fcfungsvorbereitung, Bewerbungsschreiben verfassen &#8230;)<br \/>\u00a0Kontaktieren Sie mich<\/p>\t\t\t\t\t\t\t\t\n\t\t\t\t\t\t\t\t\t\tindividuelles Angebot\t\t\t\t\t\t\t\t\t\n\t\t\t\t\t\t\t\t\t<p>Finden wir heraus, was Sie brauchen!<\/p>\t\t\t\t\t\t\t\t\n\t<p>* Pers\u00f6nlicher Unterricht in der Florianigasse (1080) ist normalerweise zwischen 10:00 und 17:00 m\u00f6glich. Bitte erkundigen Sie sich nach der Verf\u00fcgbarkeit zu Ihrer Wunschzeit.<\/p>\n<p>Ich verrechne aufgrund der Kleinunternehmerregelung keine zus\u00e4tzliche Umsatzsteuer.<\/p>\n<p>Lesen Sie <a href=\"https:\/\/malagon-bisanz.at\/de\/agb\/\">meine AGB<\/a> f\u00fcr mehr Informationen.<\/p>\n\n","protected":false},"excerpt":{"rendered":"<p>Der erste Schritt: Sprechen wir \u00fcber Ihre Ziele, Ihre Interessen, Ihr Deutschlevel und Ihre bisherigen Lernerfahrungen &#8211; in einer Videokonferenz oder pers\u00f6nlich*. Kontaktieren Sie mich und buchen Sie eine kostenlose, unverbindliche Erstberatung mit mir. Preise Konversationsunterricht Sprechen, sprechen, sprechen &#8211; trainieren Sie Ihre m\u00fcndlichen Sprachkenntnisse und stellen Sie mir Fragen zu Wortschatz und Grammatikim Unterricht [&hellip;]<\/p>\n","protected":false},"author":1,"featured_media":0,"parent":0,"menu_order":0,"comment_status":"closed","ping_status":"closed","template":"","meta":{"site-sidebar-layout":"no-sidebar","site-content-layout":"page-builder","ast-site-content-layout":"default","site-content-style":"default","site-sidebar-style":"default","ast-global-header-display":"","ast-banner-title-visibility":"","ast-main-header-display":"","ast-hfb-above-header-display":"","ast-hfb-below-header-display":"","ast-hfb-mobile-header-display":"","site-post-title":"disabled","ast-breadcrumbs-content":"","ast-featured-img":"disabled","footer-sml-layout":"","ast-disable-related-posts":"","theme-transparent-header-meta":"enabled","adv-header-id-meta":"","stick-header-meta":"","header-above-stick-meta":"","header-main-stick-meta":"","header-below-stick-meta":"","astra-migrate-meta-layouts":"default","ast-page-background-enabled":"default","ast-page-background-meta":{"desktop":{"background-color":"","background-image":"","background-repeat":"repeat","background-position":"center center","background-size":"auto","background-attachment":"scroll","background-type":"","background-media":"","overlay-type":"","overlay-color":"","overlay-opacity":"","overlay-gradient":""},"tablet":{"background-color":"","background-image":"","background-repeat":"repeat","background-position":"center center","background-size":"auto","background-attachment":"scroll","background-type":"","background-media":"","overlay-type":"","overlay-color":"","overlay-opacity":"","overlay-gradient":""},"mobile":{"background-color":"","background-image":"","background-repeat":"repeat","background-position":"center center","background-size":"auto","background-attachment":"scroll","background-type":"","background-media":"","overlay-type":"","overlay-color":"","overlay-opacity":"","overlay-gradient":""}},"ast-content-background-meta":{"desktop":{"background-color":"var(--ast-global-color-5)","background-image":"","background-repeat":"repeat","background-position":"center center","background-size":"auto","background-attachment":"scroll","background-type":"","background-media":"","overlay-type":"","overlay-color":"","overlay-opacity":"","overlay-gradient":""},"tablet":{"background-color":"var(--ast-global-color-5)","background-image":"","background-repeat":"repeat","background-position":"center center","background-size":"auto","background-attachment":"scroll","background-type":"","background-media":"","overlay-type":"","overlay-color":"","overlay-opacity":"","overlay-gradient":""},"mobile":{"background-color":"var(--ast-global-color-5)","background-image":"","background-repeat":"repeat","background-position":"center center","background-size":"auto","background-attachment":"scroll","background-type":"","background-media":"","overlay-type":"","overlay-color":"","overlay-opacity":"","overlay-gradient":""}},"footnotes":""},"class_list":["post-25217","page","type-page","status-publish","hentry"],"_links":{"self":[{"href":"https:\/\/malagon-bisanz.at\/de\/wp-json\/wp\/v2\/pages\/25217","targetHints":{"allow":["GET"]}}],"collection":[{"href":"https:\/\/malagon-bisanz.at\/de\/wp-json\/wp\/v2\/pages"}],"about":[{"href":"https:\/\/malagon-bisanz.at\/de\/wp-json\/wp\/v2\/types\/page"}],"author":[{"embeddable":true,"href":"https:\/\/malagon-bisanz.at\/de\/wp-json\/wp\/v2\/users\/1"}],"replies":[{"embeddable":true,"href":"https:\/\/malagon-bisanz.at\/de\/wp-json\/wp\/v2\/comments?post=25217"}],"version-history":[{"count":13,"href":"https:\/\/malagon-bisanz.at\/de\/wp-json\/wp\/v2\/pages\/25217\/revisions"}],"predecessor-version":[{"id":25975,"href":"https:\/\/malagon-bisanz.at\/de\/wp-json\/wp\/v2\/pages\/25217\/revisions\/25975"}],"wp:attachment":[{"href":"https:\/\/malagon-bisanz.at\/de\/wp-json\/wp\/v2\/media?parent=25217"}],"curies":[{"name":"wp","href":"https:\/\/api.w.org\/{rel}","templated":true}]}}