{"id":25851,"date":"2020-11-10T14:57:49","date_gmt":"2020-11-10T14:57:49","guid":{"rendered":"https:\/\/malagon-bisanz.at\/testimonials\/"},"modified":"2022-02-19T12:18:00","modified_gmt":"2022-02-19T12:18:00","slug":"referenzen","status":"publish","type":"page","link":"https:\/\/malagon-bisanz.at\/de\/referenzen\/","title":{"rendered":"Referenzen"},"content":{"rendered":"<h2>\n\t\tMeine Sch\u00fcler*innen &#8230;\n\t<\/h2>\n\t\t\t\t<img decoding=\"async\" src=\"https:\/\/malagon-bisanz.at\/wp-content\/uploads\/bb-plugin\/cache\/portrait_inma-circle.jpg\" alt=\"portrait_inma\" title=\"portrait_inma\" itemprop=\"image\"\/>\n\t\t\t\t<p>Irene ist die beste Deutschlehrerin, die ich jemals hatte. Der Unterricht ist komplett ma\u00dfgeschneidert und orientiert sich an meinen Lernzielen: Sie stellt die Vokabeln zusammen, bereitet gezielte \u00dcbungen vor und passt die Grammatik\u00fcbungen an meine Bed\u00fcrfnisse an. Das Material, das sie kreiert, ist einfach fantastisch. Au\u00dferdem ist die sehr geduldig und freundlich. Ich kann sie sehr empfehlen!<br \/>Inma S. aus Spanien<\/p>\n\t\t\t\t<img decoding=\"async\" src=\"https:\/\/malagon-bisanz.at\/wp-content\/uploads\/bb-plugin\/cache\/portrait_ximena.jpeg-1-circle.jpg\" alt=\"portrait_ximena.jpeg\" title=\"portrait_ximena.jpeg\" itemprop=\"image\"\/>\n\t\t\t\t<p>Mein Unterricht mit Irene ist personalisiert und richtet sich tats\u00e4chlich nach meinen Interessen und den Themen, bei denen ich Hilfe brauche. Keine langweiligen, monotonen \u00dcbungen mit ihr, nur sinnvolles Training und die besten Tipps!<br \/>Ximena C. aus Mexiko<\/p>\n\t\t\t\t<img decoding=\"async\" src=\"https:\/\/malagon-bisanz.at\/wp-content\/uploads\/bb-plugin\/cache\/portrait_tiago-1-circle.jpg\" alt=\"portrait_tiago\" title=\"portrait_tiago\" itemprop=\"image\"\/>\n\t\t\t\t<p>Ich nehme seit mehr als einem Jahr Unterricht bei Irene. Sie gestaltet unsere Unterrichtseinheiten so, dass ich die deutsche Grammatik und Phonetik viel besser verstehen kann, und ich habe endlich das Selbstbewusstsein, Gespr\u00e4che zu beginnen. Ich kann meinen Alltag in einem deutschsprachigen Land besser bew\u00e4ltigen. Sie hat mir auch viel bei der Vorbereitung f\u00fcr die A2-Pr\u00fcfung geholfen. Ich empfehle ihre Arbeit als Lehrerin sehr.\u201c<br \/>Tiago L. aus Brasilien<\/p>\n\t\t\t\t<img decoding=\"async\" src=\"https:\/\/malagon-bisanz.at\/wp-content\/uploads\/bb-plugin\/cache\/Initialen_Viktoria-circle.png\" alt=\"Initialen_Viktoria\" title=\"Initialen_Viktoria\" itemprop=\"image\"\/>\n\t\t\t\t<p>Irene ist eine sehr engagierte und kompetente Lehrerin mit vielseitigen F\u00e4higkeiten. Ich war mit dem standardisierten Programm in Kursen an Sprachschulen nicht zufrieden und hatte das Deutschlernen f\u00fcr eine Weile aufgegeben. Irene ist eine geduldige Lehrerin und verhilft Ihnen mit sanftem Druck zu mehr Selbstbewusstsein beim Sprechen. Der Unterricht ist dynamisch gestaltet und komplett an Ihre Bed\u00fcrfnisse angepasst. Irene arbeitet mit Ihnen an allen Bereichen, die Ihnen Schwierigkeiten bereiten, bis es \u201eKlick\u201c macht. Im Gegensatz zu fr\u00fcher freue ich mich jetzt wirklich auf meinen Unterricht. Ich empfehle Irene sehr!<br \/>Viktoria K.-D. aus der Slowakei<\/p>\n\t\t\t\t<img decoding=\"async\" src=\"https:\/\/malagon-bisanz.at\/wp-content\/uploads\/bb-plugin\/cache\/portrait_joni-1-circle.jpeg\" alt=\"portrait_joni\" title=\"portrait_joni\" itemprop=\"image\"\/>\n\t\t\t\t<p>Irene ist nicht nur eine exzellente Lehrerin mit einer positiven, motivierenden Einstellung \u2013 die Erfahrung in ihrem Unterricht bietet noch viel mehr. Die Atmosph\u00e4re in ihrem Kurs erm\u00f6glichte es, neue Kontakte mit Gleichgesinnten aus der Fachwelt zu kn\u00fcpfen und sogar neue Freunde zu finden, mit denen man die Stadt erkunden kann. Ein \u201eungeschliffener Diamant\u201c!<br \/>Jonathan K. aus Kanada<\/p>\n","protected":false},"excerpt":{"rendered":"<p>Meine Sch\u00fcler*innen &#8230; Irene ist die beste Deutschlehrerin, die ich jemals hatte. Der Unterricht ist komplett ma\u00dfgeschneidert und orientiert sich an meinen Lernzielen: Sie stellt die Vokabeln zusammen, bereitet gezielte \u00dcbungen vor und passt die Grammatik\u00fcbungen an meine Bed\u00fcrfnisse an. Das Material, das sie kreiert, ist einfach fantastisch. Au\u00dferdem ist die sehr geduldig und freundlich. [&hellip;]<\/p>\n","protected":false},"author":1,"featured_media":0,"parent":0,"menu_order":0,"comment_status":"closed","ping_status":"closed","template":"","meta":{"site-sidebar-layout":"no-sidebar","site-content-layout":"page-builder","ast-site-content-layout":"default","site-content-style":"default","site-sidebar-style":"default","ast-global-header-display":"","ast-banner-title-visibility":"","ast-main-header-display":"","ast-hfb-above-header-display":"","ast-hfb-below-header-display":"","ast-hfb-mobile-header-display":"","site-post-title":"disabled","ast-breadcrumbs-content":"","ast-featured-img":"disabled","footer-sml-layout":"","ast-disable-related-posts":"","theme-transparent-header-meta":"enabled","adv-header-id-meta":"","stick-header-meta":"","header-above-stick-meta":"","header-main-stick-meta":"","header-below-stick-meta":"","astra-migrate-meta-layouts":"default","ast-page-background-enabled":"default","ast-page-background-meta":{"desktop":{"background-color":"","background-image":"","background-repeat":"repeat","background-position":"center center","background-size":"auto","background-attachment":"scroll","background-type":"","background-media":"","overlay-type":"","overlay-color":"","overlay-opacity":"","overlay-gradient":""},"tablet":{"background-color":"","background-image":"","background-repeat":"repeat","background-position":"center center","background-size":"auto","background-attachment":"scroll","background-type":"","background-media":"","overlay-type":"","overlay-color":"","overlay-opacity":"","overlay-gradient":""},"mobile":{"background-color":"","background-image":"","background-repeat":"repeat","background-position":"center center","background-size":"auto","background-attachment":"scroll","background-type":"","background-media":"","overlay-type":"","overlay-color":"","overlay-opacity":"","overlay-gradient":""}},"ast-content-background-meta":{"desktop":{"background-color":"var(--ast-global-color-5)","background-image":"","background-repeat":"repeat","background-position":"center center","background-size":"auto","background-attachment":"scroll","background-type":"","background-media":"","overlay-type":"","overlay-color":"","overlay-opacity":"","overlay-gradient":""},"tablet":{"background-color":"var(--ast-global-color-5)","background-image":"","background-repeat":"repeat","background-position":"center center","background-size":"auto","background-attachment":"scroll","background-type":"","background-media":"","overlay-type":"","overlay-color":"","overlay-opacity":"","overlay-gradient":""},"mobile":{"background-color":"var(--ast-global-color-5)","background-image":"","background-repeat":"repeat","background-position":"center center","background-size":"auto","background-attachment":"scroll","background-type":"","background-media":"","overlay-type":"","overlay-color":"","overlay-opacity":"","overlay-gradient":""}},"footnotes":""},"class_list":["post-25851","page","type-page","status-publish","hentry"],"_links":{"self":[{"href":"https:\/\/malagon-bisanz.at\/de\/wp-json\/wp\/v2\/pages\/25851","targetHints":{"allow":["GET"]}}],"collection":[{"href":"https:\/\/malagon-bisanz.at\/de\/wp-json\/wp\/v2\/pages"}],"about":[{"href":"https:\/\/malagon-bisanz.at\/de\/wp-json\/wp\/v2\/types\/page"}],"author":[{"embeddable":true,"href":"https:\/\/malagon-bisanz.at\/de\/wp-json\/wp\/v2\/users\/1"}],"replies":[{"embeddable":true,"href":"https:\/\/malagon-bisanz.at\/de\/wp-json\/wp\/v2\/comments?post=25851"}],"version-history":[{"count":17,"href":"https:\/\/malagon-bisanz.at\/de\/wp-json\/wp\/v2\/pages\/25851\/revisions"}],"predecessor-version":[{"id":25935,"href":"https:\/\/malagon-bisanz.at\/de\/wp-json\/wp\/v2\/pages\/25851\/revisions\/25935"}],"wp:attachment":[{"href":"https:\/\/malagon-bisanz.at\/de\/wp-json\/wp\/v2\/media?parent=25851"}],"curies":[{"name":"wp","href":"https:\/\/api.w.org\/{rel}","templated":true}]}}