{"id":25882,"date":"2021-06-03T14:05:21","date_gmt":"2021-06-03T14:05:21","guid":{"rendered":"https:\/\/malagon-bisanz.at\/?page_id=25882"},"modified":"2021-06-03T14:16:04","modified_gmt":"2021-06-03T14:16:04","slug":"agb","status":"publish","type":"page","link":"https:\/\/malagon-bisanz.at\/de\/agb\/","title":{"rendered":"Allgemeine Gesch\u00e4ftsbedingungen"},"content":{"rendered":"<h2>\n\t\tAllgemeine Gesch\u00e4ftsbedingungen\n\t<\/h2>\n\t<p>Termine verschieben oder absagen: Bitte kontaktieren Sie mich 24 Stunden vor dem Unterrichtstermin.<\/p>\n<p>Ich strebe immer an, die von Ihnen gew\u00fcnschte Unterrichtszeit zur Verf\u00fcgung zu stellen, behalte mir aber ebenfalls das Recht vor, eine Unterrichtsstunde zu verschieben oder abzusagen, wenn es im Ausnahmefall notwendig ist.<\/p>\n<p>Aufgrund der Pandemie kann es m\u00f6glich sein, dass pers\u00f6nliche Unterrichtstermine nicht angeboten werden. In diesem Fall kann der Unterricht online abgehalten werden. Bitte nehmen Sie mit mir Kontakt auf, wenn Sie Fragen zur aktuellen Verf\u00fcgbarkeit haben.<\/p>\n<p>F\u00fcr den Fall, dass der Unterricht mit einem Lehrbuch gehalten wird (z.B. im Gruppenunterricht), ist dieses nicht im Unterrichtspreis inkludiert. Materialien, die das Buch erg\u00e4nzen, sind inkludiert.<\/p>\n<p>Unterricht in Kleingruppen (&#8222;ma\u00dfgeschneiderter Unterricht&#8220;): Wenn nicht alle Sch\u00fcler*innen an einem Termin teilnehmen k\u00f6nnen, der Unterricht jedoch nicht abgesagt wird, ist es m\u00f6glich, den Unterrichtsstoff durch Haus\u00fcbungen und Materialien aus der Unterrichtseinheit nachzuholen. Deshalb kann ich f\u00fcr Unterricht, an dem nicht alle Sch\u00fcler*innen teilnehmen, keine Preisreduktion anbieten.<\/p>\n","protected":false},"excerpt":{"rendered":"<p>Allgemeine Gesch\u00e4ftsbedingungen Termine verschieben oder absagen: Bitte kontaktieren Sie mich 24 Stunden vor dem Unterrichtstermin. Ich strebe immer an, die von Ihnen gew\u00fcnschte Unterrichtszeit zur Verf\u00fcgung zu stellen, behalte mir aber ebenfalls das Recht vor, eine Unterrichtsstunde zu verschieben oder abzusagen, wenn es im Ausnahmefall notwendig ist. Aufgrund der Pandemie kann es m\u00f6glich sein, dass [&hellip;]<\/p>\n","protected":false},"author":1,"featured_media":0,"parent":0,"menu_order":0,"comment_status":"closed","ping_status":"closed","template":"","meta":{"site-sidebar-layout":"no-sidebar","site-content-layout":"page-builder","ast-site-content-layout":"default","site-content-style":"default","site-sidebar-style":"default","ast-global-header-display":"","ast-banner-title-visibility":"","ast-main-header-display":"","ast-hfb-above-header-display":"","ast-hfb-below-header-display":"","ast-hfb-mobile-header-display":"","site-post-title":"disabled","ast-breadcrumbs-content":"","ast-featured-img":"disabled","footer-sml-layout":"","ast-disable-related-posts":"","theme-transparent-header-meta":"enabled","adv-header-id-meta":"","stick-header-meta":"default","header-above-stick-meta":"","header-main-stick-meta":"","header-below-stick-meta":"","astra-migrate-meta-layouts":"default","ast-page-background-enabled":"default","ast-page-background-meta":{"desktop":{"background-color":"","background-image":"","background-repeat":"repeat","background-position":"center center","background-size":"auto","background-attachment":"scroll","background-type":"","background-media":"","overlay-type":"","overlay-color":"","overlay-opacity":"","overlay-gradient":""},"tablet":{"background-color":"","background-image":"","background-repeat":"repeat","background-position":"center center","background-size":"auto","background-attachment":"scroll","background-type":"","background-media":"","overlay-type":"","overlay-color":"","overlay-opacity":"","overlay-gradient":""},"mobile":{"background-color":"","background-image":"","background-repeat":"repeat","background-position":"center center","background-size":"auto","background-attachment":"scroll","background-type":"","background-media":"","overlay-type":"","overlay-color":"","overlay-opacity":"","overlay-gradient":""}},"ast-content-background-meta":{"desktop":{"background-color":"var(--ast-global-color-5)","background-image":"","background-repeat":"repeat","background-position":"center center","background-size":"auto","background-attachment":"scroll","background-type":"","background-media":"","overlay-type":"","overlay-color":"","overlay-opacity":"","overlay-gradient":""},"tablet":{"background-color":"var(--ast-global-color-5)","background-image":"","background-repeat":"repeat","background-position":"center center","background-size":"auto","background-attachment":"scroll","background-type":"","background-media":"","overlay-type":"","overlay-color":"","overlay-opacity":"","overlay-gradient":""},"mobile":{"background-color":"var(--ast-global-color-5)","background-image":"","background-repeat":"repeat","background-position":"center center","background-size":"auto","background-attachment":"scroll","background-type":"","background-media":"","overlay-type":"","overlay-color":"","overlay-opacity":"","overlay-gradient":""}},"footnotes":""},"class_list":["post-25882","page","type-page","status-publish","hentry"],"_links":{"self":[{"href":"https:\/\/malagon-bisanz.at\/de\/wp-json\/wp\/v2\/pages\/25882","targetHints":{"allow":["GET"]}}],"collection":[{"href":"https:\/\/malagon-bisanz.at\/de\/wp-json\/wp\/v2\/pages"}],"about":[{"href":"https:\/\/malagon-bisanz.at\/de\/wp-json\/wp\/v2\/types\/page"}],"author":[{"embeddable":true,"href":"https:\/\/malagon-bisanz.at\/de\/wp-json\/wp\/v2\/users\/1"}],"replies":[{"embeddable":true,"href":"https:\/\/malagon-bisanz.at\/de\/wp-json\/wp\/v2\/comments?post=25882"}],"version-history":[{"count":4,"href":"https:\/\/malagon-bisanz.at\/de\/wp-json\/wp\/v2\/pages\/25882\/revisions"}],"predecessor-version":[{"id":25887,"href":"https:\/\/malagon-bisanz.at\/de\/wp-json\/wp\/v2\/pages\/25882\/revisions\/25887"}],"wp:attachment":[{"href":"https:\/\/malagon-bisanz.at\/de\/wp-json\/wp\/v2\/media?parent=25882"}],"curies":[{"name":"wp","href":"https:\/\/api.w.org\/{rel}","templated":true}]}}